{"id":1408,"date":"2013-07-02T15:01:06","date_gmt":"2013-07-02T13:01:06","guid":{"rendered":"https:\/\/funghiefate.com\/site2017\/cosa-offriamo\/"},"modified":"2023-03-05T10:56:49","modified_gmt":"2023-03-05T10:56:49","slug":"was-bieten-wir-an","status":"publish","type":"page","link":"https:\/\/funghiefate.com\/de\/was-bieten-wir-an\/","title":{"rendered":"Was bieten wir an"},"content":{"rendered":"<p><img loading=\"lazy\" decoding=\"async\" class=\"alignright wp-image-262 size-medium\" src=\"http:\/\/funghiefate.com\/nuovo\/wp-content\/uploads\/2013\/07\/foto-settembre-2006-funghi-e-fate-040-e1418489772593-300x193.jpg\" alt=\"OLYMPUS DIGITAL CAMERA\" width=\"300\" height=\"193\" srcset=\"https:\/\/funghiefate.com\/site2017\/wp-content\/uploads\/2013\/07\/foto-settembre-2006-funghi-e-fate-040-e1418489772593-300x193.jpg 300w, https:\/\/funghiefate.com\/site2017\/wp-content\/uploads\/2013\/07\/foto-settembre-2006-funghi-e-fate-040-e1418489772593-460x295.jpg 460w, https:\/\/funghiefate.com\/site2017\/wp-content\/uploads\/2013\/07\/foto-settembre-2006-funghi-e-fate-040-e1418489772593-227x146.jpg 227w, https:\/\/funghiefate.com\/site2017\/wp-content\/uploads\/2013\/07\/foto-settembre-2006-funghi-e-fate-040-e1418489772593-50x32.jpg 50w, https:\/\/funghiefate.com\/site2017\/wp-content\/uploads\/2013\/07\/foto-settembre-2006-funghi-e-fate-040-e1418489772593-117x75.jpg 117w, https:\/\/funghiefate.com\/site2017\/wp-content\/uploads\/2013\/07\/foto-settembre-2006-funghi-e-fate-040-e1418489772593.jpg 600w\" sizes=\"auto, (max-width:767px) 300px, 300px\" \/>In unserem Agriturismo finden Sie: Fr\u00fcchte aus unserem biologischen Obstgarten mit traditioneller Sortenvielfalt (\u00c4pfel, Birnen, Pflaumen, Kirschen,\u2026) Fr\u00fcchte aus biologischem Anbau (Himbeeren, Brombeeren, Johannisbeeren, Erdbeeren,\u2026) Waldfr\u00fcchte (Schwarzbeeren, Himbeeren, Walderdbeeren,\u2026) Weiters gibt es Edelkastanien, Haseln\u00fcsse, Waln\u00fcsse und Gem\u00fcse aus unserem Garten.<\/p>\n<p><span style=\"font-size: medium;\"><a href=\"http:\/\/funghiefate.com\/nuovo\/wp-content\/uploads\/2013\/07\/cassetta-funghi.jpg\"><img loading=\"lazy\" decoding=\"async\" class=\"alignleft wp-image-263 size-medium\" src=\"http:\/\/funghiefate.com\/nuovo\/wp-content\/uploads\/2013\/07\/cassetta-funghi-300x225.jpg\" alt=\"cassetta funghi\" width=\"300\" height=\"225\" srcset=\"https:\/\/funghiefate.com\/site2017\/wp-content\/uploads\/2013\/07\/cassetta-funghi-300x225.jpg 300w, https:\/\/funghiefate.com\/site2017\/wp-content\/uploads\/2013\/07\/cassetta-funghi-768x576.jpg 768w, https:\/\/funghiefate.com\/site2017\/wp-content\/uploads\/2013\/07\/cassetta-funghi.jpg 1024w, https:\/\/funghiefate.com\/site2017\/wp-content\/uploads\/2013\/07\/cassetta-funghi-195x146.jpg 195w, https:\/\/funghiefate.com\/site2017\/wp-content\/uploads\/2013\/07\/cassetta-funghi-50x38.jpg 50w, https:\/\/funghiefate.com\/site2017\/wp-content\/uploads\/2013\/07\/cassetta-funghi-100x75.jpg 100w\" sizes=\"auto, (max-width:767px) 300px, 300px\" \/><\/a><\/span><\/p>\n<p>Da wir uns in der Zone IGP (Schutzgebiet f\u00fcr Steinpilze) befinden, haben wir ein Gebiet von 15 ha \u00a0wenn sie von Giovanni begleitet werden konnen, erstellt haben um zu schen und zu fotografieren die Pilze . Von unserem Betrieb aus kann man Exkursionen in die W\u00e4lder machen und mit einer Genehmigung die wunderbaren Steinpilze des Val Taro sammeln.<\/p>\n<p><span style=\"font-size: medium; line-height: 1.5;\">Dar\u00fcber hinaus gibt es die M\u00f6glichkeit Forellen aus dem Bach Uccellecchia, der durch unser Anwesen flie\u00dft oder aus dem 1 km entfernten Taro und seinen Zufl\u00fcssen zu fischen.<\/span><\/p>\n<p><span style=\"font-size: medium;\">Weitere Ausfl\u00fcge k\u00f6nnen zu Fu\u00df, mit dem Mountainbike oder mit dem Pferd unternommen werden, da es Stra\u00dfen und Pfade gibt, die kilometerweit ins Gr\u00fcne und in die W\u00e4lder f\u00fchren.<\/span><\/p>\n<p><span style=\"font-size: medium;\">Auf Anfrage halten wir Mykologiekurse auf verschieden Stufen, Kurse \u00fcber Steinbearbeitung und \u00fcber den Wald ab.<\/span><\/p>\n<p><span style=\"font-size: medium;\">Im Tal k\u00f6nnen Sie kulturelle Ausfl\u00fcge zum Castello di Compiano, zum Castello di Bardi, in das antike Dorf Borgo Casale und in die Stadt Parma unternehmen.<\/span><\/p>\n<p><span style=\"font-size: medium;\">Nicht zu vergessen ist, dass wir nur 30 Minuten von der Toskana und von Ligurien entfernt sind, und damit Florenz, Siena, die Cinque Terre und Portofino sehr nah sind. Die Gemeinde Albareto grenzt an die Gemeinde von Varese Ligure, die erste europ\u00e4isch anerkannte \u201eBiologische Gemeinde\u201c.<\/span><\/p>\n<p><span style=\"font-size: medium;\">Ganz in der N\u00e4he befindet sich die Beauty Farm des antiken Borgo Casale, in der Sie Heub\u00e4der, Massagen, Aromatherapien und andere Angebote genie\u00dfen k\u00f6nnen.<\/span><\/p>\n\n\t\t\t<style type='text\/css'>\n\t\t\t\t#sc_gallery-1 {\n\t\t\t\t\tmargin: auto;\n\t\t\t\t}\n\t\t\t\t#sc_gallery-1 .gallery-item {\n\t\t\t\t\tfloat: left;\n\t\t\t\t\ttext-align: center;\n\t\t\t\t\twidth: 33.33%;\n\t\t\t\t}\n\t\t\t\t#sc_gallery-1 img {\n\t\t\t\t\tborder: 2px solid #cfcfcf;\n\t\t\t\t}\n\t\t\t\t\/* see sc_gallery() in functions\/theme-shortcodes.php *\/\n\t\t\t<\/style>\n\t\t<div id='sc_gallery-1' class='gallery galleryid-1408 gallery-columns-3 gallery-size-thumbnail file gallery-default'><dl class='gallery-item'  data-title='OLYMPUS DIGITAL CAMERA' data-description=''><div class='gallery-item-wrapper'>\n\t\t\t\t<dt class='gallery-icon landscape'>\n\t\t\t\t\t<a href='https:\/\/funghiefate.com\/site2017\/wp-content\/uploads\/2013\/07\/P1010010.jpg'><img loading=\"lazy\" decoding=\"async\" width=\"150\" height=\"150\" src=\"https:\/\/funghiefate.com\/site2017\/wp-content\/uploads\/2013\/07\/P1010010-150x150.jpg\" class=\"attachment-thumbnail size-thumbnail\" alt=\"\" srcset=\"https:\/\/funghiefate.com\/site2017\/wp-content\/uploads\/2013\/07\/P1010010-150x150.jpg 150w, https:\/\/funghiefate.com\/site2017\/wp-content\/uploads\/2013\/07\/P1010010-85x85.jpg 85w, https:\/\/funghiefate.com\/site2017\/wp-content\/uploads\/2013\/07\/P1010010-80x80.jpg 80w, https:\/\/funghiefate.com\/site2017\/wp-content\/uploads\/2013\/07\/P1010010-768x768.jpg 768w\" sizes=\"auto, (max-width:767px) 150px, 150px\" \/><\/a>\n\t\t\t\t<\/dt><\/div><\/dl><dl class='gallery-item'  data-title='OLYMPUS DIGITAL CAMERA' data-description=''><div class='gallery-item-wrapper'>\n\t\t\t\t<dt class='gallery-icon landscape'>\n\t\t\t\t\t<a href='https:\/\/funghiefate.com\/site2017\/wp-content\/uploads\/2013\/07\/funghi-agosto-2006-044.jpg'><img loading=\"lazy\" decoding=\"async\" width=\"150\" height=\"150\" src=\"https:\/\/funghiefate.com\/site2017\/wp-content\/uploads\/2013\/07\/funghi-agosto-2006-044-150x150.jpg\" class=\"attachment-thumbnail size-thumbnail\" alt=\"\" srcset=\"https:\/\/funghiefate.com\/site2017\/wp-content\/uploads\/2013\/07\/funghi-agosto-2006-044-150x150.jpg 150w, https:\/\/funghiefate.com\/site2017\/wp-content\/uploads\/2013\/07\/funghi-agosto-2006-044-85x85.jpg 85w, https:\/\/funghiefate.com\/site2017\/wp-content\/uploads\/2013\/07\/funghi-agosto-2006-044-80x80.jpg 80w, https:\/\/funghiefate.com\/site2017\/wp-content\/uploads\/2013\/07\/funghi-agosto-2006-044-768x768.jpg 768w\" sizes=\"auto, (max-width:767px) 150px, 150px\" \/><\/a>\n\t\t\t\t<\/dt>\n\t\t\t\t\t<dd class='wp-caption-text gallery-caption'>\n\t\t\t\t\tBosco\n\t\t\t\t\t<\/dd><\/div><\/dl><dl class='gallery-item'  data-title='OLYMPUS DIGITAL CAMERA' data-description=''><div class='gallery-item-wrapper'>\n\t\t\t\t<dt class='gallery-icon landscape'>\n\t\t\t\t\t<a href='https:\/\/funghiefate.com\/site2017\/wp-content\/uploads\/2013\/07\/PB160913.jpg'><img loading=\"lazy\" decoding=\"async\" width=\"150\" height=\"150\" src=\"https:\/\/funghiefate.com\/site2017\/wp-content\/uploads\/2013\/07\/PB160913-150x150.jpg\" class=\"attachment-thumbnail size-thumbnail\" alt=\"\" srcset=\"https:\/\/funghiefate.com\/site2017\/wp-content\/uploads\/2013\/07\/PB160913-150x150.jpg 150w, https:\/\/funghiefate.com\/site2017\/wp-content\/uploads\/2013\/07\/PB160913-85x85.jpg 85w, https:\/\/funghiefate.com\/site2017\/wp-content\/uploads\/2013\/07\/PB160913-80x80.jpg 80w, https:\/\/funghiefate.com\/site2017\/wp-content\/uploads\/2013\/07\/PB160913-768x768.jpg 768w\" sizes=\"auto, (max-width:767px) 150px, 150px\" \/><\/a>\n\t\t\t\t<\/dt>\n\t\t\t\t\t<dd class='wp-caption-text gallery-caption'>\n\t\t\t\t\tFunghi\n\t\t\t\t\t<\/dd><\/div><\/dl><br style=\"clear: both\" \/><dl class='gallery-item'  data-title='OLYMPUS DIGITAL CAMERA' data-description=''><div class='gallery-item-wrapper'>\n\t\t\t\t<dt class='gallery-icon landscape'>\n\t\t\t\t\t<a href='https:\/\/funghiefate.com\/site2017\/wp-content\/uploads\/2013\/07\/uccellecchia-dal-ponte1.jpg'><img loading=\"lazy\" decoding=\"async\" width=\"150\" height=\"150\" src=\"https:\/\/funghiefate.com\/site2017\/wp-content\/uploads\/2013\/07\/uccellecchia-dal-ponte1-150x150.jpg\" class=\"attachment-thumbnail size-thumbnail\" alt=\"\" srcset=\"https:\/\/funghiefate.com\/site2017\/wp-content\/uploads\/2013\/07\/uccellecchia-dal-ponte1-150x150.jpg 150w, https:\/\/funghiefate.com\/site2017\/wp-content\/uploads\/2013\/07\/uccellecchia-dal-ponte1-85x85.jpg 85w, https:\/\/funghiefate.com\/site2017\/wp-content\/uploads\/2013\/07\/uccellecchia-dal-ponte1-80x80.jpg 80w, https:\/\/funghiefate.com\/site2017\/wp-content\/uploads\/2013\/07\/uccellecchia-dal-ponte1-768x768.jpg 768w\" sizes=\"auto, (max-width:767px) 150px, 150px\" \/><\/a>\n\t\t\t\t<\/dt><\/div><\/dl><dl class='gallery-item'  data-title='OLYMPUS DIGITAL CAMERA' data-description=''><div class='gallery-item-wrapper'>\n\t\t\t\t<dt class='gallery-icon landscape'>\n\t\t\t\t\t<a href='https:\/\/funghiefate.com\/site2017\/wp-content\/uploads\/2013\/07\/pelpi-con-n.jpg'><img loading=\"lazy\" decoding=\"async\" width=\"150\" height=\"150\" src=\"https:\/\/funghiefate.com\/site2017\/wp-content\/uploads\/2013\/07\/pelpi-con-n-150x150.jpg\" class=\"attachment-thumbnail size-thumbnail\" alt=\"\" srcset=\"https:\/\/funghiefate.com\/site2017\/wp-content\/uploads\/2013\/07\/pelpi-con-n-150x150.jpg 150w, https:\/\/funghiefate.com\/site2017\/wp-content\/uploads\/2013\/07\/pelpi-con-n-85x85.jpg 85w, https:\/\/funghiefate.com\/site2017\/wp-content\/uploads\/2013\/07\/pelpi-con-n-80x80.jpg 80w, https:\/\/funghiefate.com\/site2017\/wp-content\/uploads\/2013\/07\/pelpi-con-n-768x768.jpg 768w\" sizes=\"auto, (max-width:767px) 150px, 150px\" \/><\/a>\n\t\t\t\t<\/dt><\/div><\/dl><dl class='gallery-item'  data-title='fontana fungo' data-description=''><div class='gallery-item-wrapper'>\n\t\t\t\t<dt class='gallery-icon portrait'>\n\t\t\t\t\t<a href='https:\/\/funghiefate.com\/site2017\/wp-content\/uploads\/2013\/07\/fontana-fungo.jpg'><img loading=\"lazy\" decoding=\"async\" width=\"150\" height=\"150\" src=\"https:\/\/funghiefate.com\/site2017\/wp-content\/uploads\/2013\/07\/fontana-fungo-150x150.jpg\" class=\"attachment-thumbnail size-thumbnail\" alt=\"\" srcset=\"https:\/\/funghiefate.com\/site2017\/wp-content\/uploads\/2013\/07\/fontana-fungo-150x150.jpg 150w, https:\/\/funghiefate.com\/site2017\/wp-content\/uploads\/2013\/07\/fontana-fungo-85x85.jpg 85w, https:\/\/funghiefate.com\/site2017\/wp-content\/uploads\/2013\/07\/fontana-fungo-80x80.jpg 80w\" sizes=\"auto, (max-width:767px) 150px, 150px\" \/><\/a>\n\t\t\t\t<\/dt><\/div><\/dl><br style=\"clear: both\" \/>\n\t\t\t<\/div>\n\n<p>Auf unserem Hof gibt es drei Katzen:\u00a0 Ginevra, Squitty und Stregatto, dar\u00fcber hinaus gibt es wildlebende Tiere, denen wir jeden Tag begegnen k\u00f6nnen, unter ihnen: Rehe, Damwild, Wildschweine, Hasen und Greifv\u00f6gel, etc. In der N\u00e4he gibt es ein Flussbad und ein Schwimmbad.<\/p>\n<p>In allen unseren Appartements haben Sie in den Wintermonaten zus\u00e4tzlich zur Zentralheizung die M\u00f6glichkeit, sich am Holzofen oder am offenen Kamin zu w\u00e4rmen.<\/p>\n\n\t\t\t<style type='text\/css'>\n\t\t\t\t#sc_gallery-2 {\n\t\t\t\t\tmargin: auto;\n\t\t\t\t}\n\t\t\t\t#sc_gallery-2 .gallery-item {\n\t\t\t\t\tfloat: left;\n\t\t\t\t\ttext-align: center;\n\t\t\t\t\twidth: 33.33%;\n\t\t\t\t}\n\t\t\t\t#sc_gallery-2 img {\n\t\t\t\t\tborder: 2px solid #cfcfcf;\n\t\t\t\t}\n\t\t\t\t\/* see sc_gallery() in functions\/theme-shortcodes.php *\/\n\t\t\t<\/style>\n\t\t<div id='sc_gallery-2' class='gallery galleryid-1408 gallery-columns-3 gallery-size-thumbnail file gallery-default'><dl class='gallery-item'  data-title='ginevra' data-description=''><div class='gallery-item-wrapper'>\n\t\t\t\t<dt class='gallery-icon landscape'>\n\t\t\t\t\t<a href='https:\/\/funghiefate.com\/site2017\/wp-content\/uploads\/2013\/07\/ginevra.jpg'><img loading=\"lazy\" decoding=\"async\" width=\"150\" height=\"150\" src=\"https:\/\/funghiefate.com\/site2017\/wp-content\/uploads\/2013\/07\/ginevra-150x150.jpg\" class=\"attachment-thumbnail size-thumbnail\" alt=\"\" srcset=\"https:\/\/funghiefate.com\/site2017\/wp-content\/uploads\/2013\/07\/ginevra-150x150.jpg 150w, https:\/\/funghiefate.com\/site2017\/wp-content\/uploads\/2013\/07\/ginevra-50x50.jpg 50w, https:\/\/funghiefate.com\/site2017\/wp-content\/uploads\/2013\/07\/ginevra-85x85.jpg 85w, https:\/\/funghiefate.com\/site2017\/wp-content\/uploads\/2013\/07\/ginevra-80x80.jpg 80w\" sizes=\"auto, (max-width:767px) 150px, 150px\" \/><\/a>\n\t\t\t\t<\/dt><\/div><\/dl><dl class='gallery-item'  data-title='squitty' data-description=''><div class='gallery-item-wrapper'>\n\t\t\t\t<dt class='gallery-icon portrait'>\n\t\t\t\t\t<a href='https:\/\/funghiefate.com\/site2017\/wp-content\/uploads\/2013\/07\/squitty.jpg'><img loading=\"lazy\" decoding=\"async\" width=\"150\" height=\"150\" src=\"https:\/\/funghiefate.com\/site2017\/wp-content\/uploads\/2013\/07\/squitty-150x150.jpg\" class=\"attachment-thumbnail size-thumbnail\" alt=\"\" srcset=\"https:\/\/funghiefate.com\/site2017\/wp-content\/uploads\/2013\/07\/squitty-150x150.jpg 150w, https:\/\/funghiefate.com\/site2017\/wp-content\/uploads\/2013\/07\/squitty-85x85.jpg 85w, https:\/\/funghiefate.com\/site2017\/wp-content\/uploads\/2013\/07\/squitty-80x80.jpg 80w\" sizes=\"auto, (max-width:767px) 150px, 150px\" \/><\/a>\n\t\t\t\t<\/dt><\/div><\/dl><dl class='gallery-item'  data-title='OLYMPUS DIGITAL CAMERA' data-description=''><div class='gallery-item-wrapper'>\n\t\t\t\t<dt class='gallery-icon landscape'>\n\t\t\t\t\t<a href='https:\/\/funghiefate.com\/site2017\/wp-content\/uploads\/2013\/07\/farfalla.jpg'><img loading=\"lazy\" decoding=\"async\" width=\"150\" height=\"150\" src=\"https:\/\/funghiefate.com\/site2017\/wp-content\/uploads\/2013\/07\/farfalla-150x150.jpg\" class=\"attachment-thumbnail size-thumbnail\" alt=\"\" srcset=\"https:\/\/funghiefate.com\/site2017\/wp-content\/uploads\/2013\/07\/farfalla-150x150.jpg 150w, https:\/\/funghiefate.com\/site2017\/wp-content\/uploads\/2013\/07\/farfalla-85x85.jpg 85w, https:\/\/funghiefate.com\/site2017\/wp-content\/uploads\/2013\/07\/farfalla-80x80.jpg 80w\" sizes=\"auto, (max-width:767px) 150px, 150px\" \/><\/a>\n\t\t\t\t<\/dt><\/div><\/dl><br style=\"clear: both\" \/>\n\t\t\t<\/div>\n\n<p><span style=\"font-size: medium;\">Wir weisen darauf hin, dass wir keinen Restaurantbetrieb f\u00fchren, im Tal gibt es jedoch eine gro\u00dfe Auswahl an Restaurants und Osterie, die mit ihren vielf\u00e4ltigen Gerichten locken.<\/span><\/p>\n\n\t\t\t<style type='text\/css'>\n\t\t\t\t#sc_gallery-3 {\n\t\t\t\t\tmargin: auto;\n\t\t\t\t}\n\t\t\t\t#sc_gallery-3 .gallery-item {\n\t\t\t\t\tfloat: left;\n\t\t\t\t\ttext-align: center;\n\t\t\t\t\twidth: 33.33%;\n\t\t\t\t}\n\t\t\t\t#sc_gallery-3 img {\n\t\t\t\t\tborder: 2px solid #cfcfcf;\n\t\t\t\t}\n\t\t\t\t\/* see sc_gallery() in functions\/theme-shortcodes.php *\/\n\t\t\t<\/style>\n\t\t<div id='sc_gallery-3' class='gallery galleryid-1408 gallery-columns-3 gallery-size-thumbnail file gallery-default'><dl class='gallery-item'  data-title='OLYMPUS DIGITAL CAMERA' data-description=''><div class='gallery-item-wrapper'>\n\t\t\t\t<dt class='gallery-icon landscape'>\n\t\t\t\t\t<a href='https:\/\/funghiefate.com\/site2017\/wp-content\/uploads\/2013\/07\/pane.jpg'><img loading=\"lazy\" decoding=\"async\" width=\"150\" height=\"150\" src=\"https:\/\/funghiefate.com\/site2017\/wp-content\/uploads\/2013\/07\/pane-150x150.jpg\" class=\"attachment-thumbnail size-thumbnail\" alt=\"\" srcset=\"https:\/\/funghiefate.com\/site2017\/wp-content\/uploads\/2013\/07\/pane-150x150.jpg 150w, https:\/\/funghiefate.com\/site2017\/wp-content\/uploads\/2013\/07\/pane-85x85.jpg 85w, https:\/\/funghiefate.com\/site2017\/wp-content\/uploads\/2013\/07\/pane-80x80.jpg 80w, https:\/\/funghiefate.com\/site2017\/wp-content\/uploads\/2013\/07\/pane-768x768.jpg 768w\" sizes=\"auto, (max-width:767px) 150px, 150px\" \/><\/a>\n\t\t\t\t<\/dt><\/div><\/dl><dl class='gallery-item'  data-title='OLYMPUS DIGITAL CAMERA' data-description=''><div class='gallery-item-wrapper'>\n\t\t\t\t<dt class='gallery-icon landscape'>\n\t\t\t\t\t<a href='https:\/\/funghiefate.com\/site2017\/wp-content\/uploads\/2013\/07\/torta.jpg'><img loading=\"lazy\" decoding=\"async\" width=\"150\" height=\"150\" src=\"https:\/\/funghiefate.com\/site2017\/wp-content\/uploads\/2013\/07\/torta-150x150.jpg\" class=\"attachment-thumbnail size-thumbnail\" alt=\"\" srcset=\"https:\/\/funghiefate.com\/site2017\/wp-content\/uploads\/2013\/07\/torta-150x150.jpg 150w, https:\/\/funghiefate.com\/site2017\/wp-content\/uploads\/2013\/07\/torta-85x85.jpg 85w, https:\/\/funghiefate.com\/site2017\/wp-content\/uploads\/2013\/07\/torta-80x80.jpg 80w, https:\/\/funghiefate.com\/site2017\/wp-content\/uploads\/2013\/07\/torta-768x768.jpg 768w\" sizes=\"auto, (max-width:767px) 150px, 150px\" \/><\/a>\n\t\t\t\t<\/dt><\/div><\/dl><dl class='gallery-item'  data-title='OLYMPUS DIGITAL CAMERA' data-description=''><div class='gallery-item-wrapper'>\n\t\t\t\t<dt class='gallery-icon landscape'>\n\t\t\t\t\t<a href='https:\/\/funghiefate.com\/site2017\/wp-content\/uploads\/2013\/07\/PC314325.jpg'><img loading=\"lazy\" decoding=\"async\" width=\"150\" height=\"150\" src=\"https:\/\/funghiefate.com\/site2017\/wp-content\/uploads\/2013\/07\/PC314325-150x150.jpg\" class=\"attachment-thumbnail size-thumbnail\" alt=\"\" srcset=\"https:\/\/funghiefate.com\/site2017\/wp-content\/uploads\/2013\/07\/PC314325-150x150.jpg 150w, https:\/\/funghiefate.com\/site2017\/wp-content\/uploads\/2013\/07\/PC314325-85x85.jpg 85w, https:\/\/funghiefate.com\/site2017\/wp-content\/uploads\/2013\/07\/PC314325-80x80.jpg 80w, https:\/\/funghiefate.com\/site2017\/wp-content\/uploads\/2013\/07\/PC314325-768x768.jpg 768w\" sizes=\"auto, (max-width:767px) 150px, 150px\" \/><\/a>\n\t\t\t\t<\/dt><\/div><\/dl><br style=\"clear: both\" \/>\n\t\t\t<\/div>\n\n<p>Es wird uns eine Freude sein, Sie \u00fcber die typischen Produkte des Val Taro und ihre Vermarktung zu informieren.<\/p>\n\n\t\t\t<style type='text\/css'>\n\t\t\t\t#sc_gallery-4 {\n\t\t\t\t\tmargin: auto;\n\t\t\t\t}\n\t\t\t\t#sc_gallery-4 .gallery-item {\n\t\t\t\t\tfloat: left;\n\t\t\t\t\ttext-align: center;\n\t\t\t\t\twidth: 49.99%;\n\t\t\t\t}\n\t\t\t\t#sc_gallery-4 img {\n\t\t\t\t\tborder: 2px solid #cfcfcf;\n\t\t\t\t}\n\t\t\t\t\/* see sc_gallery() in functions\/theme-shortcodes.php *\/\n\t\t\t<\/style>\n\t\t<div id='sc_gallery-4' class='gallery galleryid-1408 gallery-columns-2 gallery-size-thumbnail  gallery-default'><dl class='gallery-item'  data-title='OLYMPUS DIGITAL CAMERA' data-description=''><div class='gallery-item-wrapper'>\n\t\t\t\t<dt class='gallery-icon landscape'>\n\t\t\t\t\t<a href='https:\/\/funghiefate.com\/de\/was-bieten-wir-an\/olympus-digital-camera-28-2\/'><img loading=\"lazy\" decoding=\"async\" width=\"150\" height=\"150\" src=\"https:\/\/funghiefate.com\/site2017\/wp-content\/uploads\/2013\/07\/alba-150x150.jpg\" class=\"attachment-thumbnail size-thumbnail\" alt=\"\" srcset=\"https:\/\/funghiefate.com\/site2017\/wp-content\/uploads\/2013\/07\/alba-150x150.jpg 150w, https:\/\/funghiefate.com\/site2017\/wp-content\/uploads\/2013\/07\/alba-85x85.jpg 85w, https:\/\/funghiefate.com\/site2017\/wp-content\/uploads\/2013\/07\/alba-80x80.jpg 80w\" sizes=\"auto, (max-width:767px) 150px, 150px\" \/><\/a>\n\t\t\t\t<\/dt><\/div><\/dl><dl class='gallery-item'  data-title='OLYMPUS DIGITAL CAMERA' data-description=''><div class='gallery-item-wrapper'>\n\t\t\t\t<dt class='gallery-icon landscape'>\n\t\t\t\t\t<a href='https:\/\/funghiefate.com\/de\/was-bieten-wir-an\/olympus-digital-camera-29-2\/'><img loading=\"lazy\" decoding=\"async\" width=\"150\" height=\"150\" src=\"https:\/\/funghiefate.com\/site2017\/wp-content\/uploads\/2013\/07\/agosto-2006-024-150x150.jpg\" class=\"attachment-thumbnail size-thumbnail\" alt=\"\" srcset=\"https:\/\/funghiefate.com\/site2017\/wp-content\/uploads\/2013\/07\/agosto-2006-024-150x150.jpg 150w, https:\/\/funghiefate.com\/site2017\/wp-content\/uploads\/2013\/07\/agosto-2006-024-85x85.jpg 85w, https:\/\/funghiefate.com\/site2017\/wp-content\/uploads\/2013\/07\/agosto-2006-024-80x80.jpg 80w, https:\/\/funghiefate.com\/site2017\/wp-content\/uploads\/2013\/07\/agosto-2006-024-768x768.jpg 768w\" sizes=\"auto, (max-width:767px) 150px, 150px\" \/><\/a>\n\t\t\t\t<\/dt><\/div><\/dl><br style=\"clear: both\" \/>\n\t\t\t<\/div>\n\n","protected":false},"excerpt":{"rendered":"<p>In unserem Agriturismo finden Sie: Fr\u00fcchte aus unserem biologischen Obstgarten mit traditioneller Sortenvielfalt (\u00c4pfel, Birnen, Pflaumen, Kirschen,\u2026) Fr\u00fcchte aus biologischem Anbau (Himbeeren, Brombeeren, Johannisbeeren, Erdbeeren,\u2026) Waldfr\u00fcchte<span class=\"excerpt-hellip\"> [\u2026]<\/span><\/p>\n","protected":false},"author":1,"featured_media":0,"parent":0,"menu_order":0,"comment_status":"closed","ping_status":"closed","template":"","meta":{"footnotes":""},"class_list":["post-1408","page","type-page","status-publish","hentry"],"acf":[],"_links":{"self":[{"href":"https:\/\/funghiefate.com\/de\/wp-json\/wp\/v2\/pages\/1408","targetHints":{"allow":["GET"]}}],"collection":[{"href":"https:\/\/funghiefate.com\/de\/wp-json\/wp\/v2\/pages"}],"about":[{"href":"https:\/\/funghiefate.com\/de\/wp-json\/wp\/v2\/types\/page"}],"author":[{"embeddable":true,"href":"https:\/\/funghiefate.com\/de\/wp-json\/wp\/v2\/users\/1"}],"replies":[{"embeddable":true,"href":"https:\/\/funghiefate.com\/de\/wp-json\/wp\/v2\/comments?post=1408"}],"version-history":[{"count":9,"href":"https:\/\/funghiefate.com\/de\/wp-json\/wp\/v2\/pages\/1408\/revisions"}],"predecessor-version":[{"id":1956,"href":"https:\/\/funghiefate.com\/de\/wp-json\/wp\/v2\/pages\/1408\/revisions\/1956"}],"wp:attachment":[{"href":"https:\/\/funghiefate.com\/de\/wp-json\/wp\/v2\/media?parent=1408"}],"curies":[{"name":"wp","href":"https:\/\/api.w.org\/{rel}","templated":true}]}}