{"id":1424,"date":"2013-07-02T14:59:19","date_gmt":"2013-07-02T12:59:19","guid":{"rendered":"https:\/\/funghiefate.com\/site2017\/chi-siamo\/"},"modified":"2017-08-24T14:07:51","modified_gmt":"2017-08-24T14:07:51","slug":"wer-sind-wir","status":"publish","type":"page","link":"https:\/\/funghiefate.com\/de\/wer-sind-wir\/","title":{"rendered":"Wer sind wir"},"content":{"rendered":"<p>Es fehlt nur noch das \u201ewei\u00dfe Kaninchen\u201c\u2026 und wir befinden uns in einem M\u00e4rchen. Das war unser Gedanke, als wir die Weiten der Wiesen und W\u00e4lder sahen, die uns zur Entscheidung bewogen haben, hier zu leben. Von 1997 an haben wir daran gearbeitet, einen Ort zu schaffen, an dem auch andere Personen die gleichen und noch andere sch\u00f6nere Eindr\u00fccke erfahren k\u00f6nnen, als wir einst.<\/p>\n<p>Umgeben vom Gr\u00fcn der Wiesen und W\u00e4lder, durchquert von einem Bach, im K\u00f6nigreich der Steinpilze, dort liegt unser kleines St\u00fcck vom Paradies, das \u201eJemand\u201c f\u00fcr uns und f\u00fcr all jene, die uns besuchen wollen, geschaffen hat.<\/p>\n<p>Im Reich der Ruhe empfiehlt sich ein Urlaub in v\u00f6lliger Entspannung und Gem\u00fctlichkeit.<\/p>\n<p>Unser Ziel ist es, ein Ambiente zu schaffen, das einem erm\u00f6glicht, die physische und psychische Ausgeglichenheit zu erlangen.<\/p>\n<p>Der \u201eM\u00e4rchenwald\u201c, tr\u00e4gt dazu bei, die negative Energie, die wir Stress nennen, zu entladen und den K\u00f6rper mit positiver Energie aus der Emilia zu st\u00e4rken. Giovanni und Cristina w\u00fcnschen euch einen sch\u00f6nen Urlaub. N.B.: Wir k\u00f6nnen keine Garantie \u00fcbernehmen, dass Ihnen keine Gnome, Elfen, Feen, Zwerge oder Kobolde begegnen.<\/p>\n","protected":false},"excerpt":{"rendered":"<p>Es fehlt nur noch das \u201ewei\u00dfe Kaninchen\u201c\u2026 und wir befinden uns in einem M\u00e4rchen. Das war unser Gedanke, als wir die Weiten der Wiesen und W\u00e4lder<span class=\"excerpt-hellip\"> [\u2026]<\/span><\/p>\n","protected":false},"author":1,"featured_media":0,"parent":0,"menu_order":0,"comment_status":"closed","ping_status":"closed","template":"","meta":{"footnotes":""},"class_list":["post-1424","page","type-page","status-publish","hentry"],"acf":[],"_links":{"self":[{"href":"https:\/\/funghiefate.com\/de\/wp-json\/wp\/v2\/pages\/1424","targetHints":{"allow":["GET"]}}],"collection":[{"href":"https:\/\/funghiefate.com\/de\/wp-json\/wp\/v2\/pages"}],"about":[{"href":"https:\/\/funghiefate.com\/de\/wp-json\/wp\/v2\/types\/page"}],"author":[{"embeddable":true,"href":"https:\/\/funghiefate.com\/de\/wp-json\/wp\/v2\/users\/1"}],"replies":[{"embeddable":true,"href":"https:\/\/funghiefate.com\/de\/wp-json\/wp\/v2\/comments?post=1424"}],"version-history":[{"count":3,"href":"https:\/\/funghiefate.com\/de\/wp-json\/wp\/v2\/pages\/1424\/revisions"}],"predecessor-version":[{"id":1475,"href":"https:\/\/funghiefate.com\/de\/wp-json\/wp\/v2\/pages\/1424\/revisions\/1475"}],"wp:attachment":[{"href":"https:\/\/funghiefate.com\/de\/wp-json\/wp\/v2\/media?parent=1424"}],"curies":[{"name":"wp","href":"https:\/\/api.w.org\/{rel}","templated":true}]}}