{"id":1440,"date":"2013-07-02T15:01:30","date_gmt":"2013-07-02T13:01:30","guid":{"rendered":"https:\/\/funghiefate.com\/site2017\/prezzi-camere\/"},"modified":"2026-01-16T11:20:48","modified_gmt":"2026-01-16T11:20:48","slug":"preise","status":"publish","type":"page","link":"https:\/\/funghiefate.com\/de\/preise\/","title":{"rendered":"Preise"},"content":{"rendered":"\r\n<h5 class=\"wp-block-heading\">Preise Appartement und B&amp;B 2026 (01\/05 &#8211; 02\/11)<\/h5>\r\n\r\n\r\n\r\n<figure class=\"wp-block-table\">\r\n<table>\r\n<tbody>\r\n<tr>\r\n<td><b>Locanda<\/b> <i><b>(B&amp;B pro Tag und Person)<\/b><\/i> <b><a style=\"color: #b06835;\" href=\"http:\/\/funghiefate.com\/de\/la-locanda\/\">BESUCHEN<\/a><\/b><\/td>\r\n<\/tr>\r\n<tr>\r\n<td>Doppelzimmer\r\n<p>&nbsp;<\/p>\r\n<p>Castagno, Faggio<\/p>\r\n<\/td>\r\n<td>mit Fr\u00fchst\u00fcck<\/td>\r\n<td>\u20ac 60,00<\/td>\r\n<\/tr>\r\n<tr>\r\n<td>Quercia, Nocciolo<\/td>\r\n<td>mit Fr\u00fchst\u00fcck<\/td>\r\n<td>\u20ac 70,00<\/td>\r\n<\/tr>\r\n<tr>\r\n<td><b>Casa delle Fate<\/b> <i><b>(B&amp;B pro Tag und Person)<\/b><\/i> <b><a style=\"color: #b06835;\" href=\"http:\/\/funghiefate.com\/de\/casa-delle-fate\/\">BESUCHEN<\/a><\/b><\/td>\r\n<\/tr>\r\n<tr>\r\n<td>Doppelzimmer\r\n<p>&nbsp;<\/p>\r\n<p>Flora, Fauna, Serena<\/p>\r\n<\/td>\r\n<td>mit Fr\u00fchst\u00fcck<\/td>\r\n<td>\u20ac 70,00<\/td>\r\n<\/tr>\r\n<tr>\r\n<td><b>La cascina<\/b> <i><b>(preise appartement)<\/b><\/i> <b><a style=\"color: #b06835;\" href=\"http:\/\/funghiefate.com\/de\/appartamenti\/\">BESUCHEN<\/a><\/b><\/td>\r\n<\/tr>\r\n<tr>\r\n<td>1 Woche<\/td>\r\n<td>4 persone<\/td>\r\n<td>\u20ac 1.260,00<\/td>\r\n<\/tr>\r\n<tr>\r\n<td>3 Tage<\/td>\r\n<td>\u00a0<\/td>\r\n<td>\u20ac 660,00<\/td>\r\n<\/tr>\r\n<tr>\r\n<td>Endreinigung<\/td>\r\n<td>\u00a0<\/td>\r\n<td>\u20ac 50,00<\/td>\r\n<\/tr>\r\n<tr>\r\n<td><b>La terrazza<\/b> <i><b>(preise appartement)<\/b><\/i> <b><a style=\"color: #b06835;\" href=\"http:\/\/funghiefate.com\/de\/appartamenti\/\">BESUCHEN<\/a><\/b><\/td>\r\n<\/tr>\r\n<tr>\r\n<td>1 Woche<\/td>\r\n<td>3\/4 persone<\/td>\r\n<td>\u20ac 1.260,00<\/td>\r\n<\/tr>\r\n<tr>\r\n<td>3 Tage<\/td>\r\n<td>\u00a0<\/td>\r\n<td>\u20ac 660,00<\/td>\r\n<\/tr>\r\n<tr>\r\n<td>Endreinigung<\/td>\r\n<td>\u00a0<\/td>\r\n<td>\u20ac 50,00<\/td>\r\n<\/tr>\r\n<tr>\r\n<td><b>Il portico<\/b> <i><b>(preise appartement)<\/b><\/i> <b><a style=\"color: #b06835;\" href=\"http:\/\/funghiefate.com\/de\/appartamenti\/\">BESUCHEN<\/a><\/b><\/td>\r\n<\/tr>\r\n<tr>\r\n<td>1 Woche<\/td>\r\n<td>3\/4 persone<\/td>\r\n<td>\u20ac 1.260,00<\/td>\r\n<\/tr>\r\n<tr>\r\n<td>3 Tage<\/td>\r\n<td>\u00a0<\/td>\r\n<td>\u20ac 660,00<\/td>\r\n<\/tr>\r\n<tr>\r\n<td>Endreinigung<\/td>\r\n<td>\u00a0<\/td>\r\n<td>\u20ac 50,00<\/td>\r\n<\/tr>\r\n<\/tbody>\r\n<\/table>\r\n<\/figure>\r\n\r\n\r\n\r\n<p><em>N.B.:<\/em><span lang=\"de-DE\">Ihr Zimmer \/ Appartement steht Ihnen am Ankunftstag ab 15 Uhr zur Verf\u00fcgung. Wir bitten Sie, das Zimmer \/ Appartement am Abfahrtstag gegen 10 Uhr zu verlassen.<\/span><em>.<\/em><\/p>\r\n\r\n\r\n\r\n<p><strong><span lang=\"de-DE\">Bezahlung<\/span><\/strong><span lang=\"de-DE\">: wir bevorzugen eine Barbezahlung, aber wir akzeptieren auch Bank\u00fcberweisung, oder Bankschecks.<\/span><\/p>\r\n\r\n\r\n\r\n<p><span lang=\"de-DE\"><strong>Buchung<\/strong>: <\/span><span lang=\"de-DE\">um eine<\/span> <span lang=\"de-DE\">verbindliche Reservierung zu t\u00e4tigen, ist eine Anzahlung von 50% des Gesamtpreises erforderlich.<\/span><\/p>\r\n\r\n\r\n\r\n<p><span lang=\"de-DE\"><strong>R\u00fcckerstattung<\/strong>: <\/span><span lang=\"de-DE\">eine Vorausbuchung zu stornieren ist f\u00fcr beide Seiten sehr bedauerlich. Sollten Sie Ihrer Buchung nicht nachkommen k\u00f6nnen, k\u00f6nnen wir Ihnen leider keine R\u00fcckerstattung gew\u00e4hren. <\/span><\/p>\r\n\r\n\r\n\r\n<p><span lang=\"de-DE\"><strong>Zusatzpreis f\u00fcr eine Einzelbuchung<\/strong>: sollten Sie ein Doppelzimmer\/ oder ein Appartement als Einzelperson buchen, m\u00fcssen Sie einen Zusatzpreis von 50% der Miete in der entsprechenden Kategorie zahlen.<\/span><\/p>\r\n\r\n\r\n\r\n<p><br \/>Die Reinigung der Kochecken in den Appartements obliegt den G\u00e4sten.<\/p>\r\n\r\n\r\n\r\n<p>Kinder von 0 &#8211; 6 Jahren 30% Erm\u00e4\u00dfigung.(nur in B&amp;B)<br \/>Zusatzbett f\u00fcr Babys von 0 &#8211; 36-48 Monaten 10 Euro pro Tag<br \/>Ihre vierbeinigen Freunde sind im Appartement herzlich willkommen.<\/p>\r\n\r\n\r\n\r\n<p>Es wird ein Zuschlag von \u20ac 10,00 pro Tag berechnet.<\/p>\r\n\r\n\r\n\r\n<p>Download und konsultieren Sie unsere <a href=\"https:\/\/funghiefate.com\/site2017\/wp-content\/uploads\/2013\/07\/service_charter_de.pdf\" target=\"_blank\" rel=\"noopener\">Service-Karte<\/a><\/p>\r\n\r\n\r\n\r\n<p>&nbsp;<\/p>\r\n","protected":false},"excerpt":{"rendered":"<p>Preise Appartement und B&amp;B 2026 (01\/05 &#8211; 02\/11) Locanda (B&amp;B pro Tag und Person) BESUCHEN Doppelzimmer &nbsp; Castagno, Faggio mit Fr\u00fchst\u00fcck \u20ac 60,00 Quercia, Nocciolo mit<span class=\"excerpt-hellip\"> [\u2026]<\/span><\/p>\n","protected":false},"author":1,"featured_media":0,"parent":0,"menu_order":0,"comment_status":"closed","ping_status":"closed","template":"","meta":{"footnotes":""},"class_list":["post-1440","page","type-page","status-publish","hentry"],"acf":[],"_links":{"self":[{"href":"https:\/\/funghiefate.com\/de\/wp-json\/wp\/v2\/pages\/1440","targetHints":{"allow":["GET"]}}],"collection":[{"href":"https:\/\/funghiefate.com\/de\/wp-json\/wp\/v2\/pages"}],"about":[{"href":"https:\/\/funghiefate.com\/de\/wp-json\/wp\/v2\/types\/page"}],"author":[{"embeddable":true,"href":"https:\/\/funghiefate.com\/de\/wp-json\/wp\/v2\/users\/1"}],"replies":[{"embeddable":true,"href":"https:\/\/funghiefate.com\/de\/wp-json\/wp\/v2\/comments?post=1440"}],"version-history":[{"count":18,"href":"https:\/\/funghiefate.com\/de\/wp-json\/wp\/v2\/pages\/1440\/revisions"}],"predecessor-version":[{"id":3709,"href":"https:\/\/funghiefate.com\/de\/wp-json\/wp\/v2\/pages\/1440\/revisions\/3709"}],"wp:attachment":[{"href":"https:\/\/funghiefate.com\/de\/wp-json\/wp\/v2\/media?parent=1440"}],"curies":[{"name":"wp","href":"https:\/\/api.w.org\/{rel}","templated":true}]}}