{"id":1407,"date":"2013-07-02T15:01:06","date_gmt":"2013-07-02T13:01:06","guid":{"rendered":"https:\/\/funghiefate.com\/site2017\/cosa-offriamo\/"},"modified":"2023-03-05T10:55:22","modified_gmt":"2023-03-05T10:55:22","slug":"notre-offre","status":"publish","type":"page","link":"https:\/\/funghiefate.com\/fr\/notre-offre\/","title":{"rendered":"Notre offre"},"content":{"rendered":"<p><img loading=\"lazy\" decoding=\"async\" class=\"alignright wp-image-262 size-medium\" src=\"http:\/\/funghiefate.com\/nuovo\/wp-content\/uploads\/2013\/07\/foto-settembre-2006-funghi-e-fate-040-e1418489772593-300x193.jpg\" alt=\"OLYMPUS DIGITAL CAMERA\" width=\"300\" height=\"193\" srcset=\"https:\/\/funghiefate.com\/site2017\/wp-content\/uploads\/2013\/07\/foto-settembre-2006-funghi-e-fate-040-e1418489772593-300x193.jpg 300w, https:\/\/funghiefate.com\/site2017\/wp-content\/uploads\/2013\/07\/foto-settembre-2006-funghi-e-fate-040-e1418489772593-460x295.jpg 460w, https:\/\/funghiefate.com\/site2017\/wp-content\/uploads\/2013\/07\/foto-settembre-2006-funghi-e-fate-040-e1418489772593-227x146.jpg 227w, https:\/\/funghiefate.com\/site2017\/wp-content\/uploads\/2013\/07\/foto-settembre-2006-funghi-e-fate-040-e1418489772593-50x32.jpg 50w, https:\/\/funghiefate.com\/site2017\/wp-content\/uploads\/2013\/07\/foto-settembre-2006-funghi-e-fate-040-e1418489772593-117x75.jpg 117w, https:\/\/funghiefate.com\/site2017\/wp-content\/uploads\/2013\/07\/foto-settembre-2006-funghi-e-fate-040-e1418489772593.jpg 600w\" sizes=\"auto, (max-width:767px) 300px, 300px\" \/>Dans le cadre de la ferme auberge vous pourrez trouver:<br \/>\nDes fruits biologiques de notre vieux verger (pommes, poires, prunes, cerises\u2026)<br \/>\nDes fruits de la culture biologique: framboises, m\u00fbres, cassis, fraises\u2026.<br \/>\nDes fruits des sous-bois: myrtilles, framboises, fraises des bois \u2026.<br \/>\nDe m\u00eame que des ch\u00e2taignes, des noisettes et des noix.<br \/>\nDes l\u00e9gumes biologiques de notre potager.<\/p>\n<p><span style=\"font-size: medium;\"><a href=\"http:\/\/funghiefate.com\/nuovo\/wp-content\/uploads\/2013\/07\/cassetta-funghi.jpg\"><img loading=\"lazy\" decoding=\"async\" class=\"alignleft wp-image-263 size-medium\" src=\"http:\/\/funghiefate.com\/nuovo\/wp-content\/uploads\/2013\/07\/cassetta-funghi-300x225.jpg\" alt=\"cassetta funghi\" width=\"300\" height=\"225\" srcset=\"https:\/\/funghiefate.com\/site2017\/wp-content\/uploads\/2013\/07\/cassetta-funghi-300x225.jpg 300w, https:\/\/funghiefate.com\/site2017\/wp-content\/uploads\/2013\/07\/cassetta-funghi-768x576.jpg 768w, https:\/\/funghiefate.com\/site2017\/wp-content\/uploads\/2013\/07\/cassetta-funghi.jpg 1024w, https:\/\/funghiefate.com\/site2017\/wp-content\/uploads\/2013\/07\/cassetta-funghi-195x146.jpg 195w, https:\/\/funghiefate.com\/site2017\/wp-content\/uploads\/2013\/07\/cassetta-funghi-50x38.jpg 50w, https:\/\/funghiefate.com\/site2017\/wp-content\/uploads\/2013\/07\/cassetta-funghi-100x75.jpg 100w\" sizes=\"auto, (max-width:767px) 300px, 300px\" \/><\/a><\/span><\/p>\n<p>De plus, \u00e9tant donn\u00e9 que nous sommes dans une zone IGP (Indication G\u00e9ographique Prot\u00e9g\u00e9e), pour ce qui concerne les bolets, nous avons cr\u00e9\u00e9 une r\u00e9serve de cueillette de champignons \u00a0d\u2019environ 15 \u00a0hectares, ce qui peut etre consult\u00e9 que s&rsquo;il est \u00a0accompagn\u00e9 par Giovanni, de voir et the \u00a0photographier les champignons.\u00a0Depuis notree \u00a0ferme, vous pouvez partir pour des excursions dans les bois faisant partie du consortium, les Domaines collectifs, munis de permis en r\u00e8gle pour cueillir les merveilleux bolets du Val Taro.<\/p>\n<p>N\u2019oublions pas la possibilit\u00e9 de p\u00eacher des truites du pays dans le torrent Uccellecchia, qui parcourt nos terres ou de descendre sur un kilom\u00e8tre et p\u00eacher directement dans la rivi\u00e8re Taro et ses affluents.<\/p>\n<p>D\u2019autres excursions sont possibles \u00e0 pied, en V.T.T. ou \u00e0 cheval \u00e9tant donn\u00e9 qu\u2019il y a des routes et des sentiers de terre qui montent sur des dizaines de kilom\u00e8tres dans la verdure et dans les bois.<\/p>\n<p>Sur demande nous donnons des cours de mycologie de diff\u00e9rents niveaux, de coupe de la pierre et du bois\u2026<\/p>\n<p>Dans la vall\u00e9e vous pourrez faire des excursions culturelles au Ch\u00e2teau de Compiano, au Ch\u00e2teau de Bardi, au vieux Borgo Casale, et visiter \u00e9galement Parme et ses monuments.<\/p>\n<p>N\u2019oublions pas que nous sommes \u00e0 30 minutes de la Toscane et de la Ligurie, donc de Florence, Sienne, Cinqueterre, Portofino. La commune d\u2019Albareto est \u00e0 la limite de Varese Ligure premi\u00e8re Commune au niveau europ\u00e9en \u00e0 avoir \u00e9t\u00e9 reconnue commune biologique.<\/p>\n\n\t\t\t<style type='text\/css'>\n\t\t\t\t#sc_gallery-1 {\n\t\t\t\t\tmargin: auto;\n\t\t\t\t}\n\t\t\t\t#sc_gallery-1 .gallery-item {\n\t\t\t\t\tfloat: left;\n\t\t\t\t\ttext-align: center;\n\t\t\t\t\twidth: 33.33%;\n\t\t\t\t}\n\t\t\t\t#sc_gallery-1 img {\n\t\t\t\t\tborder: 2px solid #cfcfcf;\n\t\t\t\t}\n\t\t\t\t\/* see sc_gallery() in functions\/theme-shortcodes.php *\/\n\t\t\t<\/style>\n\t\t<div id='sc_gallery-1' class='gallery galleryid-1407 gallery-columns-3 gallery-size-thumbnail file gallery-default'><dl class='gallery-item'  data-title='OLYMPUS DIGITAL CAMERA' data-description=''><div class='gallery-item-wrapper'>\n\t\t\t\t<dt class='gallery-icon landscape'>\n\t\t\t\t\t<a href='https:\/\/funghiefate.com\/site2017\/wp-content\/uploads\/2013\/07\/P1010010.jpg'><img loading=\"lazy\" decoding=\"async\" width=\"150\" height=\"150\" src=\"https:\/\/funghiefate.com\/site2017\/wp-content\/uploads\/2013\/07\/P1010010-150x150.jpg\" class=\"attachment-thumbnail size-thumbnail\" alt=\"\" srcset=\"https:\/\/funghiefate.com\/site2017\/wp-content\/uploads\/2013\/07\/P1010010-150x150.jpg 150w, https:\/\/funghiefate.com\/site2017\/wp-content\/uploads\/2013\/07\/P1010010-85x85.jpg 85w, https:\/\/funghiefate.com\/site2017\/wp-content\/uploads\/2013\/07\/P1010010-80x80.jpg 80w, https:\/\/funghiefate.com\/site2017\/wp-content\/uploads\/2013\/07\/P1010010-768x768.jpg 768w\" sizes=\"auto, (max-width:767px) 150px, 150px\" \/><\/a>\n\t\t\t\t<\/dt><\/div><\/dl><dl class='gallery-item'  data-title='OLYMPUS DIGITAL CAMERA' data-description=''><div class='gallery-item-wrapper'>\n\t\t\t\t<dt class='gallery-icon landscape'>\n\t\t\t\t\t<a href='https:\/\/funghiefate.com\/site2017\/wp-content\/uploads\/2013\/07\/funghi-agosto-2006-044.jpg'><img loading=\"lazy\" decoding=\"async\" width=\"150\" height=\"150\" src=\"https:\/\/funghiefate.com\/site2017\/wp-content\/uploads\/2013\/07\/funghi-agosto-2006-044-150x150.jpg\" class=\"attachment-thumbnail size-thumbnail\" alt=\"\" srcset=\"https:\/\/funghiefate.com\/site2017\/wp-content\/uploads\/2013\/07\/funghi-agosto-2006-044-150x150.jpg 150w, https:\/\/funghiefate.com\/site2017\/wp-content\/uploads\/2013\/07\/funghi-agosto-2006-044-85x85.jpg 85w, https:\/\/funghiefate.com\/site2017\/wp-content\/uploads\/2013\/07\/funghi-agosto-2006-044-80x80.jpg 80w, https:\/\/funghiefate.com\/site2017\/wp-content\/uploads\/2013\/07\/funghi-agosto-2006-044-768x768.jpg 768w\" sizes=\"auto, (max-width:767px) 150px, 150px\" \/><\/a>\n\t\t\t\t<\/dt>\n\t\t\t\t\t<dd class='wp-caption-text gallery-caption'>\n\t\t\t\t\tBosco\n\t\t\t\t\t<\/dd><\/div><\/dl><dl class='gallery-item'  data-title='OLYMPUS DIGITAL CAMERA' data-description=''><div class='gallery-item-wrapper'>\n\t\t\t\t<dt class='gallery-icon landscape'>\n\t\t\t\t\t<a href='https:\/\/funghiefate.com\/site2017\/wp-content\/uploads\/2013\/07\/PB160913.jpg'><img loading=\"lazy\" decoding=\"async\" width=\"150\" height=\"150\" src=\"https:\/\/funghiefate.com\/site2017\/wp-content\/uploads\/2013\/07\/PB160913-150x150.jpg\" class=\"attachment-thumbnail size-thumbnail\" alt=\"\" srcset=\"https:\/\/funghiefate.com\/site2017\/wp-content\/uploads\/2013\/07\/PB160913-150x150.jpg 150w, https:\/\/funghiefate.com\/site2017\/wp-content\/uploads\/2013\/07\/PB160913-85x85.jpg 85w, https:\/\/funghiefate.com\/site2017\/wp-content\/uploads\/2013\/07\/PB160913-80x80.jpg 80w, https:\/\/funghiefate.com\/site2017\/wp-content\/uploads\/2013\/07\/PB160913-768x768.jpg 768w\" sizes=\"auto, (max-width:767px) 150px, 150px\" \/><\/a>\n\t\t\t\t<\/dt>\n\t\t\t\t\t<dd class='wp-caption-text gallery-caption'>\n\t\t\t\t\tFunghi\n\t\t\t\t\t<\/dd><\/div><\/dl><br style=\"clear: both\" \/><dl class='gallery-item'  data-title='OLYMPUS DIGITAL CAMERA' data-description=''><div class='gallery-item-wrapper'>\n\t\t\t\t<dt class='gallery-icon landscape'>\n\t\t\t\t\t<a href='https:\/\/funghiefate.com\/site2017\/wp-content\/uploads\/2013\/07\/uccellecchia-dal-ponte1.jpg'><img loading=\"lazy\" decoding=\"async\" width=\"150\" height=\"150\" src=\"https:\/\/funghiefate.com\/site2017\/wp-content\/uploads\/2013\/07\/uccellecchia-dal-ponte1-150x150.jpg\" class=\"attachment-thumbnail size-thumbnail\" alt=\"\" srcset=\"https:\/\/funghiefate.com\/site2017\/wp-content\/uploads\/2013\/07\/uccellecchia-dal-ponte1-150x150.jpg 150w, https:\/\/funghiefate.com\/site2017\/wp-content\/uploads\/2013\/07\/uccellecchia-dal-ponte1-85x85.jpg 85w, https:\/\/funghiefate.com\/site2017\/wp-content\/uploads\/2013\/07\/uccellecchia-dal-ponte1-80x80.jpg 80w, https:\/\/funghiefate.com\/site2017\/wp-content\/uploads\/2013\/07\/uccellecchia-dal-ponte1-768x768.jpg 768w\" sizes=\"auto, (max-width:767px) 150px, 150px\" \/><\/a>\n\t\t\t\t<\/dt><\/div><\/dl><dl class='gallery-item'  data-title='OLYMPUS DIGITAL CAMERA' data-description=''><div class='gallery-item-wrapper'>\n\t\t\t\t<dt class='gallery-icon landscape'>\n\t\t\t\t\t<a href='https:\/\/funghiefate.com\/site2017\/wp-content\/uploads\/2013\/07\/pelpi-con-n.jpg'><img loading=\"lazy\" decoding=\"async\" width=\"150\" height=\"150\" src=\"https:\/\/funghiefate.com\/site2017\/wp-content\/uploads\/2013\/07\/pelpi-con-n-150x150.jpg\" class=\"attachment-thumbnail size-thumbnail\" alt=\"\" srcset=\"https:\/\/funghiefate.com\/site2017\/wp-content\/uploads\/2013\/07\/pelpi-con-n-150x150.jpg 150w, https:\/\/funghiefate.com\/site2017\/wp-content\/uploads\/2013\/07\/pelpi-con-n-85x85.jpg 85w, https:\/\/funghiefate.com\/site2017\/wp-content\/uploads\/2013\/07\/pelpi-con-n-80x80.jpg 80w, https:\/\/funghiefate.com\/site2017\/wp-content\/uploads\/2013\/07\/pelpi-con-n-768x768.jpg 768w\" sizes=\"auto, (max-width:767px) 150px, 150px\" \/><\/a>\n\t\t\t\t<\/dt><\/div><\/dl><dl class='gallery-item'  data-title='fontana fungo' data-description=''><div class='gallery-item-wrapper'>\n\t\t\t\t<dt class='gallery-icon portrait'>\n\t\t\t\t\t<a href='https:\/\/funghiefate.com\/site2017\/wp-content\/uploads\/2013\/07\/fontana-fungo.jpg'><img loading=\"lazy\" decoding=\"async\" width=\"150\" height=\"150\" src=\"https:\/\/funghiefate.com\/site2017\/wp-content\/uploads\/2013\/07\/fontana-fungo-150x150.jpg\" class=\"attachment-thumbnail size-thumbnail\" alt=\"\" srcset=\"https:\/\/funghiefate.com\/site2017\/wp-content\/uploads\/2013\/07\/fontana-fungo-150x150.jpg 150w, https:\/\/funghiefate.com\/site2017\/wp-content\/uploads\/2013\/07\/fontana-fungo-85x85.jpg 85w, https:\/\/funghiefate.com\/site2017\/wp-content\/uploads\/2013\/07\/fontana-fungo-80x80.jpg 80w\" sizes=\"auto, (max-width:767px) 150px, 150px\" \/><\/a>\n\t\t\t\t<\/dt><\/div><\/dl><br style=\"clear: both\" \/>\n\t\t\t<\/div>\n\n<p>Les animaux que vous trouverez \u00e0 la ferme sont\u00a0 trois chats, respectivement:\u00a0 Ginevra, Squitty et Stregatto, ainsi que toute une faune sauvage que l\u2019on peut rencontrer quotidiennement dont les chevreuils, les daims, les cerfs, les li\u00e8vres, buses, etc.<\/p>\n<p>A\u2019 cot\u00e9 chez nous on \u00e0 le Beauty Farm \u00ab Antico Borgo Casale \u00bb ou vous pouvez trouver beaucop de services, pour le soin de votre beaut\u00e9.<\/p>\n<p>Dans toutes les structures durant la p\u00e9riode hivernale vous aurez la possibilit\u00e9 de vous r\u00e9chauffer au feu de chemin\u00e9e ou au po\u00eale ainsi qu&rsquo;au chauffage traditionnel.<\/p>\n<p>Dans nos proximit\u00e9s vous pourrez trouver \u00e9galement une piscine est normal qu&rsquo;artificiel.<\/p>\n\n\t\t\t<style type='text\/css'>\n\t\t\t\t#sc_gallery-2 {\n\t\t\t\t\tmargin: auto;\n\t\t\t\t}\n\t\t\t\t#sc_gallery-2 .gallery-item {\n\t\t\t\t\tfloat: left;\n\t\t\t\t\ttext-align: center;\n\t\t\t\t\twidth: 33.33%;\n\t\t\t\t}\n\t\t\t\t#sc_gallery-2 img {\n\t\t\t\t\tborder: 2px solid #cfcfcf;\n\t\t\t\t}\n\t\t\t\t\/* see sc_gallery() in functions\/theme-shortcodes.php *\/\n\t\t\t<\/style>\n\t\t<div id='sc_gallery-2' class='gallery galleryid-1407 gallery-columns-3 gallery-size-thumbnail file gallery-default'><dl class='gallery-item'  data-title='ginevra' data-description=''><div class='gallery-item-wrapper'>\n\t\t\t\t<dt class='gallery-icon landscape'>\n\t\t\t\t\t<a href='https:\/\/funghiefate.com\/site2017\/wp-content\/uploads\/2013\/07\/ginevra.jpg'><img loading=\"lazy\" decoding=\"async\" width=\"150\" height=\"150\" src=\"https:\/\/funghiefate.com\/site2017\/wp-content\/uploads\/2013\/07\/ginevra-150x150.jpg\" class=\"attachment-thumbnail size-thumbnail\" alt=\"\" srcset=\"https:\/\/funghiefate.com\/site2017\/wp-content\/uploads\/2013\/07\/ginevra-150x150.jpg 150w, https:\/\/funghiefate.com\/site2017\/wp-content\/uploads\/2013\/07\/ginevra-50x50.jpg 50w, https:\/\/funghiefate.com\/site2017\/wp-content\/uploads\/2013\/07\/ginevra-85x85.jpg 85w, https:\/\/funghiefate.com\/site2017\/wp-content\/uploads\/2013\/07\/ginevra-80x80.jpg 80w\" sizes=\"auto, (max-width:767px) 150px, 150px\" \/><\/a>\n\t\t\t\t<\/dt><\/div><\/dl><dl class='gallery-item'  data-title='squitty' data-description=''><div class='gallery-item-wrapper'>\n\t\t\t\t<dt class='gallery-icon portrait'>\n\t\t\t\t\t<a href='https:\/\/funghiefate.com\/site2017\/wp-content\/uploads\/2013\/07\/squitty.jpg'><img loading=\"lazy\" decoding=\"async\" width=\"150\" height=\"150\" src=\"https:\/\/funghiefate.com\/site2017\/wp-content\/uploads\/2013\/07\/squitty-150x150.jpg\" class=\"attachment-thumbnail size-thumbnail\" alt=\"\" srcset=\"https:\/\/funghiefate.com\/site2017\/wp-content\/uploads\/2013\/07\/squitty-150x150.jpg 150w, https:\/\/funghiefate.com\/site2017\/wp-content\/uploads\/2013\/07\/squitty-85x85.jpg 85w, https:\/\/funghiefate.com\/site2017\/wp-content\/uploads\/2013\/07\/squitty-80x80.jpg 80w\" sizes=\"auto, (max-width:767px) 150px, 150px\" \/><\/a>\n\t\t\t\t<\/dt><\/div><\/dl><dl class='gallery-item'  data-title='OLYMPUS DIGITAL CAMERA' data-description=''><div class='gallery-item-wrapper'>\n\t\t\t\t<dt class='gallery-icon landscape'>\n\t\t\t\t\t<a href='https:\/\/funghiefate.com\/site2017\/wp-content\/uploads\/2013\/07\/farfalla.jpg'><img loading=\"lazy\" decoding=\"async\" width=\"150\" height=\"150\" src=\"https:\/\/funghiefate.com\/site2017\/wp-content\/uploads\/2013\/07\/farfalla-150x150.jpg\" class=\"attachment-thumbnail size-thumbnail\" alt=\"\" srcset=\"https:\/\/funghiefate.com\/site2017\/wp-content\/uploads\/2013\/07\/farfalla-150x150.jpg 150w, https:\/\/funghiefate.com\/site2017\/wp-content\/uploads\/2013\/07\/farfalla-85x85.jpg 85w, https:\/\/funghiefate.com\/site2017\/wp-content\/uploads\/2013\/07\/farfalla-80x80.jpg 80w\" sizes=\"auto, (max-width:767px) 150px, 150px\" \/><\/a>\n\t\t\t\t<\/dt><\/div><\/dl><br style=\"clear: both\" \/>\n\t\t\t<\/div>\n\n<p><span style=\"font-size: medium;\">Nous vous signalons que nous vous offrons la restauration mais nous pourrons aussi bien vous conseiller, sur la base de vos exigences, sur les restaurants de la r\u00e9gion.<\/span><\/p>\n\n\t\t\t<style type='text\/css'>\n\t\t\t\t#sc_gallery-3 {\n\t\t\t\t\tmargin: auto;\n\t\t\t\t}\n\t\t\t\t#sc_gallery-3 .gallery-item {\n\t\t\t\t\tfloat: left;\n\t\t\t\t\ttext-align: center;\n\t\t\t\t\twidth: 33.33%;\n\t\t\t\t}\n\t\t\t\t#sc_gallery-3 img {\n\t\t\t\t\tborder: 2px solid #cfcfcf;\n\t\t\t\t}\n\t\t\t\t\/* see sc_gallery() in functions\/theme-shortcodes.php *\/\n\t\t\t<\/style>\n\t\t<div id='sc_gallery-3' class='gallery galleryid-1407 gallery-columns-3 gallery-size-thumbnail file gallery-default'><dl class='gallery-item'  data-title='OLYMPUS DIGITAL CAMERA' data-description=''><div class='gallery-item-wrapper'>\n\t\t\t\t<dt class='gallery-icon landscape'>\n\t\t\t\t\t<a href='https:\/\/funghiefate.com\/site2017\/wp-content\/uploads\/2013\/07\/pane.jpg'><img loading=\"lazy\" decoding=\"async\" width=\"150\" height=\"150\" src=\"https:\/\/funghiefate.com\/site2017\/wp-content\/uploads\/2013\/07\/pane-150x150.jpg\" class=\"attachment-thumbnail size-thumbnail\" alt=\"\" srcset=\"https:\/\/funghiefate.com\/site2017\/wp-content\/uploads\/2013\/07\/pane-150x150.jpg 150w, https:\/\/funghiefate.com\/site2017\/wp-content\/uploads\/2013\/07\/pane-85x85.jpg 85w, https:\/\/funghiefate.com\/site2017\/wp-content\/uploads\/2013\/07\/pane-80x80.jpg 80w, https:\/\/funghiefate.com\/site2017\/wp-content\/uploads\/2013\/07\/pane-768x768.jpg 768w\" sizes=\"auto, (max-width:767px) 150px, 150px\" \/><\/a>\n\t\t\t\t<\/dt><\/div><\/dl><dl class='gallery-item'  data-title='OLYMPUS DIGITAL CAMERA' data-description=''><div class='gallery-item-wrapper'>\n\t\t\t\t<dt class='gallery-icon landscape'>\n\t\t\t\t\t<a href='https:\/\/funghiefate.com\/site2017\/wp-content\/uploads\/2013\/07\/torta.jpg'><img loading=\"lazy\" decoding=\"async\" width=\"150\" height=\"150\" src=\"https:\/\/funghiefate.com\/site2017\/wp-content\/uploads\/2013\/07\/torta-150x150.jpg\" class=\"attachment-thumbnail size-thumbnail\" alt=\"\" srcset=\"https:\/\/funghiefate.com\/site2017\/wp-content\/uploads\/2013\/07\/torta-150x150.jpg 150w, https:\/\/funghiefate.com\/site2017\/wp-content\/uploads\/2013\/07\/torta-85x85.jpg 85w, https:\/\/funghiefate.com\/site2017\/wp-content\/uploads\/2013\/07\/torta-80x80.jpg 80w, https:\/\/funghiefate.com\/site2017\/wp-content\/uploads\/2013\/07\/torta-768x768.jpg 768w\" sizes=\"auto, (max-width:767px) 150px, 150px\" \/><\/a>\n\t\t\t\t<\/dt><\/div><\/dl><dl class='gallery-item'  data-title='OLYMPUS DIGITAL CAMERA' data-description=''><div class='gallery-item-wrapper'>\n\t\t\t\t<dt class='gallery-icon landscape'>\n\t\t\t\t\t<a href='https:\/\/funghiefate.com\/site2017\/wp-content\/uploads\/2013\/07\/PC314325.jpg'><img loading=\"lazy\" decoding=\"async\" width=\"150\" height=\"150\" src=\"https:\/\/funghiefate.com\/site2017\/wp-content\/uploads\/2013\/07\/PC314325-150x150.jpg\" class=\"attachment-thumbnail size-thumbnail\" alt=\"\" srcset=\"https:\/\/funghiefate.com\/site2017\/wp-content\/uploads\/2013\/07\/PC314325-150x150.jpg 150w, https:\/\/funghiefate.com\/site2017\/wp-content\/uploads\/2013\/07\/PC314325-85x85.jpg 85w, https:\/\/funghiefate.com\/site2017\/wp-content\/uploads\/2013\/07\/PC314325-80x80.jpg 80w, https:\/\/funghiefate.com\/site2017\/wp-content\/uploads\/2013\/07\/PC314325-768x768.jpg 768w\" sizes=\"auto, (max-width:767px) 150px, 150px\" \/><\/a>\n\t\t\t\t<\/dt><\/div><\/dl><br style=\"clear: both\" \/>\n\t\t\t<\/div>\n\n<p>Nous t\u00e2cherons et nous aurons le plaisir de vous documenter en ce qui concerne l\u2019achat de produits typiques du Val Taro.<\/p>\n\n\t\t\t<style type='text\/css'>\n\t\t\t\t#sc_gallery-4 {\n\t\t\t\t\tmargin: auto;\n\t\t\t\t}\n\t\t\t\t#sc_gallery-4 .gallery-item {\n\t\t\t\t\tfloat: left;\n\t\t\t\t\ttext-align: center;\n\t\t\t\t\twidth: 49.99%;\n\t\t\t\t}\n\t\t\t\t#sc_gallery-4 img {\n\t\t\t\t\tborder: 2px solid #cfcfcf;\n\t\t\t\t}\n\t\t\t\t\/* see sc_gallery() in functions\/theme-shortcodes.php *\/\n\t\t\t<\/style>\n\t\t<div id='sc_gallery-4' class='gallery galleryid-1407 gallery-columns-2 gallery-size-thumbnail  gallery-default'><dl class='gallery-item'  data-title='OLYMPUS DIGITAL CAMERA' data-description=''><div class='gallery-item-wrapper'>\n\t\t\t\t<dt class='gallery-icon landscape'>\n\t\t\t\t\t<a href='https:\/\/funghiefate.com\/fr\/notre-offre\/olympus-digital-camera-28-2\/'><img loading=\"lazy\" decoding=\"async\" width=\"150\" height=\"150\" src=\"https:\/\/funghiefate.com\/site2017\/wp-content\/uploads\/2013\/07\/alba-150x150.jpg\" class=\"attachment-thumbnail size-thumbnail\" alt=\"\" srcset=\"https:\/\/funghiefate.com\/site2017\/wp-content\/uploads\/2013\/07\/alba-150x150.jpg 150w, https:\/\/funghiefate.com\/site2017\/wp-content\/uploads\/2013\/07\/alba-85x85.jpg 85w, https:\/\/funghiefate.com\/site2017\/wp-content\/uploads\/2013\/07\/alba-80x80.jpg 80w\" sizes=\"auto, (max-width:767px) 150px, 150px\" \/><\/a>\n\t\t\t\t<\/dt><\/div><\/dl><dl class='gallery-item'  data-title='OLYMPUS DIGITAL CAMERA' data-description=''><div class='gallery-item-wrapper'>\n\t\t\t\t<dt class='gallery-icon landscape'>\n\t\t\t\t\t<a href='https:\/\/funghiefate.com\/fr\/notre-offre\/olympus-digital-camera-29-2\/'><img loading=\"lazy\" decoding=\"async\" width=\"150\" height=\"150\" src=\"https:\/\/funghiefate.com\/site2017\/wp-content\/uploads\/2013\/07\/agosto-2006-024-150x150.jpg\" class=\"attachment-thumbnail size-thumbnail\" alt=\"\" srcset=\"https:\/\/funghiefate.com\/site2017\/wp-content\/uploads\/2013\/07\/agosto-2006-024-150x150.jpg 150w, https:\/\/funghiefate.com\/site2017\/wp-content\/uploads\/2013\/07\/agosto-2006-024-85x85.jpg 85w, https:\/\/funghiefate.com\/site2017\/wp-content\/uploads\/2013\/07\/agosto-2006-024-80x80.jpg 80w, https:\/\/funghiefate.com\/site2017\/wp-content\/uploads\/2013\/07\/agosto-2006-024-768x768.jpg 768w\" sizes=\"auto, (max-width:767px) 150px, 150px\" \/><\/a>\n\t\t\t\t<\/dt><\/div><\/dl><br style=\"clear: both\" \/>\n\t\t\t<\/div>\n\n","protected":false},"excerpt":{"rendered":"<p>Dans le cadre de la ferme auberge vous pourrez trouver: Des fruits biologiques de notre vieux verger (pommes, poires, prunes, cerises\u2026) Des fruits de la culture<span class=\"excerpt-hellip\"> [\u2026]<\/span><\/p>\n","protected":false},"author":1,"featured_media":0,"parent":0,"menu_order":0,"comment_status":"closed","ping_status":"closed","template":"","meta":{"footnotes":""},"class_list":["post-1407","page","type-page","status-publish","hentry"],"acf":[],"_links":{"self":[{"href":"https:\/\/funghiefate.com\/fr\/wp-json\/wp\/v2\/pages\/1407","targetHints":{"allow":["GET"]}}],"collection":[{"href":"https:\/\/funghiefate.com\/fr\/wp-json\/wp\/v2\/pages"}],"about":[{"href":"https:\/\/funghiefate.com\/fr\/wp-json\/wp\/v2\/types\/page"}],"author":[{"embeddable":true,"href":"https:\/\/funghiefate.com\/fr\/wp-json\/wp\/v2\/users\/1"}],"replies":[{"embeddable":true,"href":"https:\/\/funghiefate.com\/fr\/wp-json\/wp\/v2\/comments?post=1407"}],"version-history":[{"count":9,"href":"https:\/\/funghiefate.com\/fr\/wp-json\/wp\/v2\/pages\/1407\/revisions"}],"predecessor-version":[{"id":1955,"href":"https:\/\/funghiefate.com\/fr\/wp-json\/wp\/v2\/pages\/1407\/revisions\/1955"}],"wp:attachment":[{"href":"https:\/\/funghiefate.com\/fr\/wp-json\/wp\/v2\/media?parent=1407"}],"curies":[{"name":"wp","href":"https:\/\/api.w.org\/{rel}","templated":true}]}}