{"id":1423,"date":"2013-07-02T14:59:19","date_gmt":"2013-07-02T12:59:19","guid":{"rendered":"https:\/\/funghiefate.com\/site2017\/chi-siamo\/"},"modified":"2017-08-24T14:11:46","modified_gmt":"2017-08-24T14:11:46","slug":"qui-nous-sommes","status":"publish","type":"page","link":"https:\/\/funghiefate.com\/fr\/qui-nous-sommes\/","title":{"rendered":"Qui nous sommes"},"content":{"rendered":"<p>Il ne manque que \u201cLe Lapin Blanc\u201d\u2026pour entrer dans la fable.<br \/>\nC\u2019est la sensation que nous avons \u00e9prouv\u00e9s en visitant cette \u00e9tendue de pr\u00e9s et de bois qui nous a amen\u00e9s \u00e0 changer de vie en 1997. Depuis lors, nous avons travaill\u00e9 dans le but de cr\u00e9er un lieu o\u00f9 les personnes pourraient \u00e9prouver ces m\u00eames sensations et d\u2019autres plus belles encore.<\/p>\n<p>Situ\u00e9 dans le royame du bolet, entour\u00e9 de verdure, de prairies et de for\u00eats, caress\u00e9 par un ruisseaux, c&rsquo;est notre petit coin de paradis, comme s\u00ecil avait \u00e9t\u00e9 cr\u00e9\u00e9 pour nous et pour nos h\u00f4tes.<\/p>\n<p>Le calme y r\u00e8gne et favorise des vacances de tout repos.<br \/>\nNotre objectif, tr\u00e8s ambitieux, est celui de mettre \u00e0 disposition un environnement ideal pour atteindre l&rsquo;\u00e9quilibre psychique et physique id\u00e9al.<\/p>\n<p>Le bois \u201cdes fables\u201d, contribuera \u00e0 vous vider de cette \u00e9nergie n\u00e9gative qu\u2019on appelle stress pour vous recharger d\u2019une positivit\u00e9 que nous pouvons d\u00e9finir \u00ab sana Emilianit\u00e0 \u00bb.<br \/>\nGiovanni et Cristina vous souhaitent en toute simplicit\u00e9 de Bonnes Vacances.<br \/>\nN.B. Nous ne sommes pas assur\u00e9s contre les chocs caus\u00e9s par la rencontre avec des gnomes, des elfes, des f\u00e9es, des follets, des nains, etc\u2026<\/p>\n","protected":false},"excerpt":{"rendered":"<p>Il ne manque que \u201cLe Lapin Blanc\u201d\u2026pour entrer dans la fable. C\u2019est la sensation que nous avons \u00e9prouv\u00e9s en visitant cette \u00e9tendue de pr\u00e9s et de<span class=\"excerpt-hellip\"> [\u2026]<\/span><\/p>\n","protected":false},"author":1,"featured_media":0,"parent":0,"menu_order":0,"comment_status":"closed","ping_status":"closed","template":"","meta":{"footnotes":""},"class_list":["post-1423","page","type-page","status-publish","hentry"],"acf":[],"_links":{"self":[{"href":"https:\/\/funghiefate.com\/fr\/wp-json\/wp\/v2\/pages\/1423","targetHints":{"allow":["GET"]}}],"collection":[{"href":"https:\/\/funghiefate.com\/fr\/wp-json\/wp\/v2\/pages"}],"about":[{"href":"https:\/\/funghiefate.com\/fr\/wp-json\/wp\/v2\/types\/page"}],"author":[{"embeddable":true,"href":"https:\/\/funghiefate.com\/fr\/wp-json\/wp\/v2\/users\/1"}],"replies":[{"embeddable":true,"href":"https:\/\/funghiefate.com\/fr\/wp-json\/wp\/v2\/comments?post=1423"}],"version-history":[{"count":3,"href":"https:\/\/funghiefate.com\/fr\/wp-json\/wp\/v2\/pages\/1423\/revisions"}],"predecessor-version":[{"id":1478,"href":"https:\/\/funghiefate.com\/fr\/wp-json\/wp\/v2\/pages\/1423\/revisions\/1478"}],"wp:attachment":[{"href":"https:\/\/funghiefate.com\/fr\/wp-json\/wp\/v2\/media?parent=1423"}],"curies":[{"name":"wp","href":"https:\/\/api.w.org\/{rel}","templated":true}]}}