{"id":1439,"date":"2013-07-02T15:01:30","date_gmt":"2013-07-02T13:01:30","guid":{"rendered":"https:\/\/funghiefate.com\/site2017\/prezzi-camere\/"},"modified":"2026-01-16T11:16:16","modified_gmt":"2026-01-16T11:16:16","slug":"prix","status":"publish","type":"page","link":"https:\/\/funghiefate.com\/fr\/prix\/","title":{"rendered":"Prix"},"content":{"rendered":"<h5 style=\"text-align: center;\">Prix appartements et B&amp;B 2026 (01\/05 &#8211; 02\/11)<\/h5>\n<table border=\"0\" width=\"100%\" cellspacing=\"0\" cellpadding=\"5\" bgcolor=\"#dfdfdf\">\n<tbody style=\"padding: 5px;\">\n<tr>\n<td colspan=\"5\"><b>Locanda<\/b> <i><b>(B&amp;B par jour pour 1 personne)<\/b><\/i> <b><a style=\"color: #b06835;\" href=\"http:\/\/funghiefate.com\/fr\/la-locanda\/\">VISITEZ<\/a><\/b><\/td>\n<\/tr>\n<tr>\n<td>ch. d&rsquo;h\u00f4tes par jour Castagno, Faggio<\/td>\n<td style=\"text-align: center;\">petit d\u00e9j. compris<\/td>\n<td align=\"right\">\u20ac 60,00<\/td>\n<\/tr>\n<tr>\n<td>Quercia, Nocciolo<\/td>\n<td style=\"text-align: center;\">petit d\u00e9j. compris<\/td>\n<td align=\"right\">\u20ac 70,00<\/td>\n<\/tr>\n<tr>\n<td colspan=\"5\"><b>Casa delle Fate<\/b> <i><b>(B&amp;B par jour pour 1 personne)<\/b><\/i> <b><a style=\"color: #b06835;\" href=\"http:\/\/funghiefate.com\/fr\/casa-delle-fate\/\">VISITEZ<\/a><\/b><\/td>\n<\/tr>\n<tr>\n<td>ch. d&rsquo;h\u00f4tes par jour Flora, Fauna, Serena<\/td>\n<td style=\"text-align: center;\">petit d\u00e9j. compris<\/td>\n<td align=\"right\">\u20ac 70,00<\/td>\n<\/tr>\n<tr>\n<td colspan=\"5\"><b>La cascina<\/b> <i><b>(prix par appartement)<\/b><\/i> <b><a style=\"color: #b06835;\" href=\"http:\/\/funghiefate.com\/fr\/appartamenti\/\">VISITEZ<\/a><\/b><\/td>\n<\/tr>\n<tr>\n<td>par semaine<\/td>\n<td style=\"text-align: center;\">4 personnes<\/td>\n<td align=\"right\">\u20ac 1.260,00<\/td>\n<\/tr>\n<tr>\n<td>3 jours<\/td>\n<td><\/td>\n<td align=\"right\">\u20ac 660,00<\/td>\n<\/tr>\n<tr>\n<td>nettoyage<\/td>\n<td><\/td>\n<td align=\"right\">\u20ac 50,00<\/td>\n<\/tr>\n<tr>\n<td colspan=\"5\"><b>La terrazza<\/b> <i><b>(prix par appartement)<\/b><\/i> <b><a style=\"color: #b06835;\" href=\"http:\/\/funghiefate.com\/fr\/appartamenti\/\">VISITEZ<\/a><\/b><\/td>\n<\/tr>\n<tr>\n<td>par semaine<\/td>\n<td style=\"text-align: center;\">3\/4 personnes<\/td>\n<td align=\"right\">\u20ac 1.260,00<\/td>\n<\/tr>\n<tr>\n<td>3 jours<\/td>\n<td><\/td>\n<td align=\"right\">\u20ac 660,00<\/td>\n<\/tr>\n<tr>\n<td>nettoyage<\/td>\n<td><\/td>\n<td align=\"right\">\u20ac 50,00<\/td>\n<\/tr>\n<tr>\n<td colspan=\"5\"><b>Il portico<\/b> <i><b>(prix par appartement)<\/b><\/i> <b><a style=\"color: #b06835;\" href=\"http:\/\/funghiefate.com\/fr\/appartamenti\/\">VISITEZ<\/a><\/b><\/td>\n<\/tr>\n<tr>\n<td>par semaine<\/td>\n<td style=\"text-align: center;\">3\/4 personnes<\/td>\n<td align=\"right\">\u20ac 1.260,00<\/td>\n<\/tr>\n<tr>\n<td>3 jours<\/td>\n<td><\/td>\n<td align=\"right\">\u20ac 660,00<\/td>\n<\/tr>\n<tr>\n<td>nettoyage<\/td>\n<td><\/td>\n<td align=\"right\">\u20ac 50,00<\/td>\n<\/tr>\n<\/tbody>\n<\/table>\n<p><em>N.B.:\u00a0<\/em><span lang=\"fr-FR\">votre chambre \/ appartement est \u00e0 votre disposition \u00e0 partir de 15h du jour d\u2019arriv\u00e9e. Nous vous prions de lib\u00e9rer votre chambre \/ appartement vers 10h le jour du d\u00e9part.<\/span><\/p>\n<p align=\"JUSTIFY\"><span lang=\"fr-FR\"><strong>Paiement<\/strong>\u00a0:<\/span><span lang=\"fr-FR\"> nous pr\u00e9f\u00e9rons un paiement en liquide,\u00a0 mais nous acceptons \u00e9galement les virement e les ch\u00e8ques bancaires.<\/span><\/p>\n<p align=\"JUSTIFY\"><strong><span lang=\"fr-FR\">R\u00e9servation<\/span><\/strong><span lang=\"fr-FR\">\u00a0: pour faire une r\u00e9servation effective, il est n\u00e9cessaire de verser un acompte correspondant \u00e0 50% du montant total.<\/span><\/p>\n<p align=\"JUSTIFY\"><strong><span lang=\"fr-FR\">Remboursement<\/span><\/strong><span lang=\"fr-FR\">\u00a0: annuler une r\u00e9servation est regrettable, aussi bien pour vous que pour nous. Au cas o\u00f9 vous ne pourrez honorer votre r\u00e9servation effective, nous ne pouvons accorder aucun remboursement.<\/span><\/p>\n<p align=\"JUSTIFY\"><strong><span lang=\"fr-FR\">Suppl\u00e9ment pour une location individuelle<\/span><\/strong><span lang=\"fr-FR\"> : au cas o\u00f9 vous prenez une chambre double ou un appartement utilis\u00e9s comme chambre individuelle, nous appliquons un suppl\u00e9ment de 50% du prix de la location de la cat\u00e9gorie respective.<\/span><\/p>\n<p align=\"JUSTIFY\">Dans les appartements le nettoyage est \u00e0 la charge des h\u00f4tes.<br \/>\nEnfants 0-6 ans, avec 2 adultes, r\u00e9ductions 30%.(seulement in B&amp;B)<br \/>\nPetit lit pour enfants 0-3 ans, 10 euros par jour.<\/p>\n<p>Les amis \u00e0 quatre pattes sont les bienvenus dans les appartements avec un suppl\u00e9ment de 10 euros par jour.<\/p>\n<p>T\u00e9l\u00e9chargez et consultez notre <a href=\"https:\/\/funghiefate.com\/site2017\/wp-content\/uploads\/2013\/07\/charter_service_fr.pdf\" target=\"_blank\" rel=\"noopener\">carte de services<\/a><\/p>\n","protected":false},"excerpt":{"rendered":"<p>Prix appartements et B&amp;B 2026 (01\/05 &#8211; 02\/11) Locanda (B&amp;B par jour pour 1 personne) VISITEZ ch. d&rsquo;h\u00f4tes par jour Castagno, Faggio petit d\u00e9j. compris \u20ac<span class=\"excerpt-hellip\"> [\u2026]<\/span><\/p>\n","protected":false},"author":1,"featured_media":0,"parent":0,"menu_order":0,"comment_status":"closed","ping_status":"closed","template":"","meta":{"footnotes":""},"class_list":["post-1439","page","type-page","status-publish","hentry"],"acf":[],"_links":{"self":[{"href":"https:\/\/funghiefate.com\/fr\/wp-json\/wp\/v2\/pages\/1439","targetHints":{"allow":["GET"]}}],"collection":[{"href":"https:\/\/funghiefate.com\/fr\/wp-json\/wp\/v2\/pages"}],"about":[{"href":"https:\/\/funghiefate.com\/fr\/wp-json\/wp\/v2\/types\/page"}],"author":[{"embeddable":true,"href":"https:\/\/funghiefate.com\/fr\/wp-json\/wp\/v2\/users\/1"}],"replies":[{"embeddable":true,"href":"https:\/\/funghiefate.com\/fr\/wp-json\/wp\/v2\/comments?post=1439"}],"version-history":[{"count":19,"href":"https:\/\/funghiefate.com\/fr\/wp-json\/wp\/v2\/pages\/1439\/revisions"}],"predecessor-version":[{"id":3707,"href":"https:\/\/funghiefate.com\/fr\/wp-json\/wp\/v2\/pages\/1439\/revisions\/3707"}],"wp:attachment":[{"href":"https:\/\/funghiefate.com\/fr\/wp-json\/wp\/v2\/media?parent=1439"}],"curies":[{"name":"wp","href":"https:\/\/api.w.org\/{rel}","templated":true}]}}